{"id":16,"date":"2022-06-17T21:12:45","date_gmt":"2022-06-17T21:12:45","guid":{"rendered":"https:\/\/salonmilenium.com\/bienvenido\/?page_id=16"},"modified":"2025-03-17T12:41:56","modified_gmt":"2025-03-17T18:41:56","slug":"home","status":"publish","type":"page","link":"https:\/\/salonmilenium.com\/bienvenido\/","title":{"rendered":"Home"},"content":{"rendered":"<p>[vc_row content_placement=&#8221;middle&#8221;][vc_column css=&#8221;.vc_custom_1720634004030{margin-top: 0px !important;border-top-width: 0px !important;padding-top: 0px !important;}&#8221;]\n\t\t\t<!-- START Slider1 REVOLUTION SLIDER 6.5.3 --><p class=\"rs-p-wp-fix\"><\/p>\n\t\t\t<rs-module-wrap id=\"rev_slider_1_1_wrapper\" data-source=\"gallery\" style=\"visibility:hidden;background:transparent;padding:0;margin:0px auto;margin-top:0;margin-bottom:0;\">\n\t\t\t\t<rs-module id=\"rev_slider_1_1\" style=\"\" data-version=\"6.5.3\">\n\t\t\t\t\t<rs-slides>\n\t\t\t\t\t\t<rs-slide data-key=\"rs-1\" data-title=\"Slide\" data-thumb=\"\/\/salonmilenium.com\/bienvenido\/wp-content\/uploads\/2022\/07\/sliderhome2_01-100x50.jpg\" data-duration=\"7020\" data-anim=\"ms:2280;\" data-in=\"o:0;\" data-out=\"a:false;\">\n\t\t\t\t\t\t\t<img loading=\"lazy\" decoding=\"async\" src=\"\/\/salonmilenium.com\/bienvenido\/wp-content\/plugins\/revslider\/public\/assets\/assets\/dummy.png\" title=\"sliderhome2_01\" width=\"1920\" height=\"1000\" class=\"rev-slidebg tp-rs-img rs-lazyload\" data-lazyload=\"\/\/salonmilenium.com\/bienvenido\/wp-content\/uploads\/2022\/07\/sliderhome2_01.jpg\" data-panzoom=\"d:10000;ss:100;se:130;\" data-no-retina>\n<!--\n\t\t\t\t\t\t\t--><rs-layer\n\t\t\t\t\t\t\t\tid=\"slider-1-slide-1-layer-6\" \n\t\t\t\t\t\t\t\tdata-type=\"text\"\n\t\t\t\t\t\t\t\tdata-color=\"#ffffff\"\n\t\t\t\t\t\t\t\tdata-rsp_ch=\"on\"\n\t\t\t\t\t\t\t\tdata-xy=\"x:c;xo:-10px;y:c;yo:16px;\"\n\t\t\t\t\t\t\t\tdata-text=\"s:32;l:50;fw:700;\"\n\t\t\t\t\t\t\t\tdata-vbility=\"t,t,f,f\"\n\t\t\t\t\t\t\t\tdata-frame_0=\"y:100%;\"\n\t\t\t\t\t\t\t\tdata-frame_1=\"e:power4.inOut;st:840;sp:2000;sR:840;\"\n\t\t\t\t\t\t\t\tdata-frame_999=\"o:0;st:w;sR:4180;\"\n\t\t\t\t\t\t\t\tstyle=\"z-index:5;font-family:PT Serif;\"\n\t\t\t\t\t\t\t>Tus mejores recuerdos \n\t\t\t\t\t\t\t<\/rs-layer><!--\n\n\t\t\t\t\t\t\t--><rs-layer\n\t\t\t\t\t\t\t\tid=\"slider-1-slide-1-layer-7\" \n\t\t\t\t\t\t\t\tdata-type=\"image\"\n\t\t\t\t\t\t\t\tdata-rsp_ch=\"on\"\n\t\t\t\t\t\t\t\tdata-xy=\"x:c;xo:-13px;y:c;yo:-99px;\"\n\t\t\t\t\t\t\t\tdata-text=\"l:22;a:inherit;\"\n\t\t\t\t\t\t\t\tdata-dim=\"w:908px;h:206px;\"\n\t\t\t\t\t\t\t\tdata-frame_0=\"y:100%;\"\n\t\t\t\t\t\t\t\tdata-frame_1=\"e:power4.inOut;st:1090;sp:1990;sR:1090;\"\n\t\t\t\t\t\t\t\tdata-frame_999=\"o:0;st:w;sR:3940;\"\n\t\t\t\t\t\t\t\tstyle=\"z-index:6;\"\n\t\t\t\t\t\t\t><img loading=\"lazy\" decoding=\"async\" src=\"\/\/salonmilenium.com\/bienvenido\/wp-content\/plugins\/revslider\/public\/assets\/assets\/dummy.png\" class=\"tp-rs-img rs-lazyload\" width=\"908\" height=\"206\" data-lazyload=\"\/\/salonmilenium.com\/bienvenido\/wp-content\/uploads\/2022\/07\/COMODIDAD.png\" data-no-retina> \n\t\t\t\t\t\t\t<\/rs-layer><!--\n\n\t\t\t\t\t\t\t--><a\n\t\t\t\t\t\t\t\tid=\"slider-1-slide-1-layer-8\" \n\t\t\t\t\t\t\t\tclass=\"rs-layer rev-btn\"\n\t\t\t\t\t\t\t\thref=\"https:\/\/salonmilenium.com\/bienvenido\/nosotros\/\" target=\"_self\"\n\t\t\t\t\t\t\t\tdata-type=\"button\"\n\t\t\t\t\t\t\t\tdata-color=\"rgba(255,255,255,1)\"\n\t\t\t\t\t\t\t\tdata-rsp_ch=\"on\"\n\t\t\t\t\t\t\t\tdata-xy=\"x:c;xo:-43px;y:c;yo:154px;\"\n\t\t\t\t\t\t\t\tdata-text=\"s:12;l:24;ls:1px;a:center;\"\n\t\t\t\t\t\t\t\tdata-vbility=\"t,t,f,f\"\n\t\t\t\t\t\t\t\tdata-padding=\"t:18;r:55;b:18;l:55;\"\n\t\t\t\t\t\t\t\tdata-border=\"bor:30px,30px,30px,30px;\"\n\t\t\t\t\t\t\t\tdata-frame_0=\"y:100%;\"\n\t\t\t\t\t\t\t\tdata-frame_1=\"e:power4.inOut;st:1450;sp:2070;sR:1450;\"\n\t\t\t\t\t\t\t\tdata-frame_999=\"o:0;st:w;sR:3500;\"\n\t\t\t\t\t\t\t\tdata-frame_hover=\"c:#000;bgc:#fff;boc:#000;bor:30px,30px,30px,30px;bos:solid;oX:50;oY:50;sp:0;e:none;\"\n\t\t\t\t\t\t\t\tstyle=\"z-index:7;background-color:#e9c0a4;font-family:PT Serif;text-transform:uppercase;cursor:pointer;outline:none;box-shadow:none;box-sizing:border-box;-moz-box-sizing:border-box;-webkit-box-sizing:border-box;\"\n\t\t\t\t\t\t\t>Desc\u00fabrenos \n\t\t\t\t\t\t\t<\/a><!--\n\n\t\t\t\t\t\t\t--><rs-layer\n\t\t\t\t\t\t\t\tid=\"slider-1-slide-1-layer-9\" \n\t\t\t\t\t\t\t\tclass=\"tp-shape tp-shapewrapper\"\n\t\t\t\t\t\t\t\tdata-type=\"shape\"\n\t\t\t\t\t\t\t\tdata-rsp_ch=\"on\"\n\t\t\t\t\t\t\t\tdata-xy=\"x:c;xo:-49px;y:c;yo:85px;\"\n\t\t\t\t\t\t\t\tdata-text=\"a:inherit;\"\n\t\t\t\t\t\t\t\tdata-dim=\"w:100px;h:2px;\"\n\t\t\t\t\t\t\t\tdata-vbility=\"t,t,f,f\"\n\t\t\t\t\t\t\t\tdata-frame_0=\"y:100%;\"\n\t\t\t\t\t\t\t\tdata-frame_1=\"e:power4.inOut;st:1790;sp:2280;sR:1790;\"\n\t\t\t\t\t\t\t\tdata-frame_999=\"o:0;st:w;sR:2950;\"\n\t\t\t\t\t\t\t\tstyle=\"z-index:8;background-color:#ffffff;\"\n\t\t\t\t\t\t\t> \n\t\t\t\t\t\t\t<\/rs-layer><!--\n-->\t\t\t\t\t\t<\/rs-slide>\n\t\t\t\t\t\t<rs-slide data-key=\"rs-2\" data-title=\"Slide\" data-thumb=\"\/\/salonmilenium.com\/bienvenido\/wp-content\/uploads\/2022\/07\/sliderhome2_02-100x50.jpg\" data-duration=\"7020\" data-anim=\"ms:2280;\" data-in=\"o:0;\" data-out=\"a:false;\">\n\t\t\t\t\t\t\t<img loading=\"lazy\" decoding=\"async\" src=\"\/\/salonmilenium.com\/bienvenido\/wp-content\/plugins\/revslider\/public\/assets\/assets\/dummy.png\" title=\"sliderhome2_02\" width=\"1920\" height=\"1000\" class=\"rev-slidebg tp-rs-img rs-lazyload\" data-lazyload=\"\/\/salonmilenium.com\/bienvenido\/wp-content\/uploads\/2022\/07\/sliderhome2_02.jpg\" data-panzoom=\"d:10000;ss:100;se:130;\" data-no-retina>\n<!--\n\t\t\t\t\t\t\t--><rs-layer\n\t\t\t\t\t\t\t\tid=\"slider-1-slide-2-layer-6\" \n\t\t\t\t\t\t\t\tdata-type=\"text\"\n\t\t\t\t\t\t\t\tdata-color=\"#ffffff\"\n\t\t\t\t\t\t\t\tdata-rsp_ch=\"on\"\n\t\t\t\t\t\t\t\tdata-xy=\"x:c;xo:-11px;y:c;yo:95px;\"\n\t\t\t\t\t\t\t\tdata-text=\"s:32;l:50;fw:700;\"\n\t\t\t\t\t\t\t\tdata-vbility=\"t,t,f,f\"\n\t\t\t\t\t\t\t\tdata-frame_0=\"y:100%;\"\n\t\t\t\t\t\t\t\tdata-frame_1=\"e:power4.inOut;st:840;sp:2000;sR:840;\"\n\t\t\t\t\t\t\t\tdata-frame_999=\"o:0;st:w;sR:4180;\"\n\t\t\t\t\t\t\t\tstyle=\"z-index:5;font-family:PT Serif;\"\n\t\t\t\t\t\t\t>Disfruta de tu evento \n\t\t\t\t\t\t\t<\/rs-layer><!--\n\n\t\t\t\t\t\t\t--><rs-layer\n\t\t\t\t\t\t\t\tid=\"slider-1-slide-2-layer-7\" \n\t\t\t\t\t\t\t\tdata-type=\"image\"\n\t\t\t\t\t\t\t\tdata-rsp_ch=\"on\"\n\t\t\t\t\t\t\t\tdata-xy=\"x:c;xo:23px;y:c;yo:-39px;\"\n\t\t\t\t\t\t\t\tdata-text=\"l:22;a:center;\"\n\t\t\t\t\t\t\t\tdata-dim=\"w:850px;h:249px;\"\n\t\t\t\t\t\t\t\tdata-vbility=\"t,t,f,f\"\n\t\t\t\t\t\t\t\tdata-frame_0=\"y:100%;\"\n\t\t\t\t\t\t\t\tdata-frame_1=\"e:power4.inOut;st:1060;sp:2170;sR:1060;\"\n\t\t\t\t\t\t\t\tdata-frame_999=\"o:0;st:w;sR:3790;\"\n\t\t\t\t\t\t\t\tstyle=\"z-index:6;\"\n\t\t\t\t\t\t\t><img loading=\"lazy\" decoding=\"async\" src=\"\/\/salonmilenium.com\/bienvenido\/wp-content\/plugins\/revslider\/public\/assets\/assets\/dummy.png\" class=\"tp-rs-img rs-lazyload\" width=\"760\" height=\"223\" data-lazyload=\"\/\/salonmilenium.com\/bienvenido\/wp-content\/uploads\/2022\/07\/DIVERSION.png\" data-no-retina> \n\t\t\t\t\t\t\t<\/rs-layer><!--\n\n\t\t\t\t\t\t\t--><a\n\t\t\t\t\t\t\t\tid=\"slider-1-slide-2-layer-8\" \n\t\t\t\t\t\t\t\tclass=\"rs-layer rev-btn\"\n\t\t\t\t\t\t\t\thref=\"tel: 2221057118\" target=\"_self\"\n\t\t\t\t\t\t\t\tdata-type=\"button\"\n\t\t\t\t\t\t\t\tdata-color=\"rgba(255,255,255,1)\"\n\t\t\t\t\t\t\t\tdata-xy=\"x:c;xo:-26px;y:c;yo:210px;\"\n\t\t\t\t\t\t\t\tdata-text=\"s:12;l:24;ls:1px;a:inherit;\"\n\t\t\t\t\t\t\t\tdata-vbility=\"t,t,f,f\"\n\t\t\t\t\t\t\t\tdata-rsp_bd=\"off\"\n\t\t\t\t\t\t\t\tdata-padding=\"t:18;r:55;b:18;l:55;\"\n\t\t\t\t\t\t\t\tdata-border=\"bor:30px,30px,30px,30px;\"\n\t\t\t\t\t\t\t\tdata-frame_0=\"y:100%;\"\n\t\t\t\t\t\t\t\tdata-frame_1=\"e:power4.inOut;st:1290;sp:2230;sR:1290;\"\n\t\t\t\t\t\t\t\tdata-frame_999=\"o:0;st:w;sR:3500;\"\n\t\t\t\t\t\t\t\tdata-frame_hover=\"c:#000;bgc:#fff;boc:#000;bor:30px,30px,30px,30px;bos:solid;oX:50;oY:50;sp:0;e:none;\"\n\t\t\t\t\t\t\t\tstyle=\"z-index:7;background-color:#e9c0a4;font-family:PT Serif;text-transform:uppercase;cursor:pointer;outline:none;box-shadow:none;box-sizing:border-box;-moz-box-sizing:border-box;-webkit-box-sizing:border-box;\"\n\t\t\t\t\t\t\t>Ll\u00e1manos \n\t\t\t\t\t\t\t<\/a><!--\n\n\t\t\t\t\t\t\t--><rs-layer\n\t\t\t\t\t\t\t\tid=\"slider-1-slide-2-layer-9\" \n\t\t\t\t\t\t\t\tclass=\"tp-shape tp-shapewrapper\"\n\t\t\t\t\t\t\t\tdata-type=\"shape\"\n\t\t\t\t\t\t\t\tdata-rsp_ch=\"on\"\n\t\t\t\t\t\t\t\tdata-xy=\"x:c;xo:-28px;y:c;yo:140px;\"\n\t\t\t\t\t\t\t\tdata-text=\"a:inherit;\"\n\t\t\t\t\t\t\t\tdata-dim=\"w:100px;h:2px;\"\n\t\t\t\t\t\t\t\tdata-vbility=\"t,t,f,f\"\n\t\t\t\t\t\t\t\tdata-frame_0=\"y:100%;\"\n\t\t\t\t\t\t\t\tdata-frame_1=\"e:power4.inOut;st:1460;sp:2380;sR:1460;\"\n\t\t\t\t\t\t\t\tdata-frame_999=\"o:0;st:w;sR:3180;\"\n\t\t\t\t\t\t\t\tstyle=\"z-index:8;background-color:#ffffff;\"\n\t\t\t\t\t\t\t> \n\t\t\t\t\t\t\t<\/rs-layer><!--\n-->\t\t\t\t\t\t<\/rs-slide>\n\t\t\t\t\t\t<rs-slide data-key=\"rs-3\" data-title=\"Slide\" data-thumb=\"\/\/salonmilenium.com\/bienvenido\/wp-content\/uploads\/2022\/07\/sliderhome2_03-100x50.jpg\" data-duration=\"7020\" data-anim=\"ms:2280;\" data-in=\"o:0;\" data-out=\"a:false;\">\n\t\t\t\t\t\t\t<img loading=\"lazy\" decoding=\"async\" src=\"\/\/salonmilenium.com\/bienvenido\/wp-content\/plugins\/revslider\/public\/assets\/assets\/dummy.png\" title=\"sliderhome2_03\" width=\"1920\" height=\"1000\" class=\"rev-slidebg tp-rs-img rs-lazyload\" data-lazyload=\"\/\/salonmilenium.com\/bienvenido\/wp-content\/uploads\/2022\/07\/sliderhome2_03.jpg\" data-panzoom=\"d:10000;ss:100;se:115;\" data-no-retina>\n<!--\n\t\t\t\t\t\t\t--><rs-layer\n\t\t\t\t\t\t\t\tid=\"slider-1-slide-3-layer-6\" \n\t\t\t\t\t\t\t\tdata-type=\"text\"\n\t\t\t\t\t\t\t\tdata-color=\"#ffffff\"\n\t\t\t\t\t\t\t\tdata-rsp_ch=\"on\"\n\t\t\t\t\t\t\t\tdata-xy=\"x:c;xo:187px;y:c;yo:28px;\"\n\t\t\t\t\t\t\t\tdata-text=\"s:32;l:50;fw:700;\"\n\t\t\t\t\t\t\t\tdata-vbility=\"t,t,f,f\"\n\t\t\t\t\t\t\t\tdata-frame_0=\"y:100%;\"\n\t\t\t\t\t\t\t\tdata-frame_1=\"e:power4.inOut;st:840;sp:2000;sR:840;\"\n\t\t\t\t\t\t\t\tdata-frame_999=\"o:0;st:w;sR:4180;\"\n\t\t\t\t\t\t\t\tstyle=\"z-index:5;font-family:PT Serif;\"\n\t\t\t\t\t\t\t>Disfruta con los tuyos de toda la fiesta \n\t\t\t\t\t\t\t<\/rs-layer><!--\n\n\t\t\t\t\t\t\t--><rs-layer\n\t\t\t\t\t\t\t\tid=\"slider-1-slide-3-layer-7\" \n\t\t\t\t\t\t\t\tdata-type=\"image\"\n\t\t\t\t\t\t\t\tdata-rsp_ch=\"on\"\n\t\t\t\t\t\t\t\tdata-xy=\"x:c;xo:-70px;y:c;yo:-95px;\"\n\t\t\t\t\t\t\t\tdata-text=\"l:22;a:inherit;\"\n\t\t\t\t\t\t\t\tdata-dim=\"w:1095px;h:390px;\"\n\t\t\t\t\t\t\t\tdata-vbility=\"t,t,f,f\"\n\t\t\t\t\t\t\t\tdata-frame_0=\"y:100%;\"\n\t\t\t\t\t\t\t\tdata-frame_1=\"e:power4.inOut;st:1060;sp:2170;sR:1060;\"\n\t\t\t\t\t\t\t\tdata-frame_999=\"o:0;st:w;sR:3790;\"\n\t\t\t\t\t\t\t\tstyle=\"z-index:6;\"\n\t\t\t\t\t\t\t><img loading=\"lazy\" decoding=\"async\" src=\"\/\/salonmilenium.com\/bienvenido\/wp-content\/plugins\/revslider\/public\/assets\/assets\/dummy.png\" class=\"tp-rs-img rs-lazyload\" width=\"749\" height=\"267\" data-lazyload=\"\/\/salonmilenium.com\/bienvenido\/wp-content\/uploads\/2022\/07\/ELEGANCIA.png\" data-no-retina> \n\t\t\t\t\t\t\t<\/rs-layer><!--\n\n\t\t\t\t\t\t\t--><a\n\t\t\t\t\t\t\t\tid=\"slider-1-slide-3-layer-8\" \n\t\t\t\t\t\t\t\tclass=\"rs-layer rev-btn\"\n\t\t\t\t\t\t\t\thref=\"tel: 2221057118\" target=\"_self\"\n\t\t\t\t\t\t\t\tdata-type=\"button\"\n\t\t\t\t\t\t\t\tdata-color=\"rgba(255,255,255,1)\"\n\t\t\t\t\t\t\t\tdata-xy=\"x:c;xo:-43px;y:c;yo:154px;\"\n\t\t\t\t\t\t\t\tdata-text=\"s:12;l:24;ls:1px;a:inherit;\"\n\t\t\t\t\t\t\t\tdata-vbility=\"t,t,f,f\"\n\t\t\t\t\t\t\t\tdata-rsp_bd=\"off\"\n\t\t\t\t\t\t\t\tdata-padding=\"t:18;r:55;b:18;l:55;\"\n\t\t\t\t\t\t\t\tdata-border=\"bor:30px,30px,30px,30px;\"\n\t\t\t\t\t\t\t\tdata-frame_0=\"y:100%;\"\n\t\t\t\t\t\t\t\tdata-frame_1=\"e:power4.inOut;st:1290;sp:2230;sR:1290;\"\n\t\t\t\t\t\t\t\tdata-frame_999=\"o:0;st:w;sR:3500;\"\n\t\t\t\t\t\t\t\tdata-frame_hover=\"c:#000;bgc:#fff;boc:#000;bor:30px,30px,30px,30px;bos:solid;oX:50;oY:50;sp:0;e:none;\"\n\t\t\t\t\t\t\t\tstyle=\"z-index:7;background-color:#e9c0a4;font-family:PT Serif;text-transform:uppercase;cursor:pointer;outline:none;box-shadow:none;box-sizing:border-box;-moz-box-sizing:border-box;-webkit-box-sizing:border-box;\"\n\t\t\t\t\t\t\t>Ll\u00e1manos \n\t\t\t\t\t\t\t<\/a><!--\n\n\t\t\t\t\t\t\t--><rs-layer\n\t\t\t\t\t\t\t\tid=\"slider-1-slide-3-layer-9\" \n\t\t\t\t\t\t\t\tclass=\"tp-shape tp-shapewrapper\"\n\t\t\t\t\t\t\t\tdata-type=\"shape\"\n\t\t\t\t\t\t\t\tdata-rsp_ch=\"on\"\n\t\t\t\t\t\t\t\tdata-xy=\"x:c;xo:-49px;y:c;yo:85px;\"\n\t\t\t\t\t\t\t\tdata-text=\"a:inherit;\"\n\t\t\t\t\t\t\t\tdata-dim=\"w:100px;h:2px;\"\n\t\t\t\t\t\t\t\tdata-vbility=\"t,t,f,f\"\n\t\t\t\t\t\t\t\tdata-frame_0=\"y:100%;\"\n\t\t\t\t\t\t\t\tdata-frame_1=\"e:power4.inOut;st:1460;sp:2380;sR:1460;\"\n\t\t\t\t\t\t\t\tdata-frame_999=\"o:0;st:w;sR:3180;\"\n\t\t\t\t\t\t\t\tstyle=\"z-index:8;background-color:#ffffff;\"\n\t\t\t\t\t\t\t> \n\t\t\t\t\t\t\t<\/rs-layer><!--\n-->\t\t\t\t\t\t<\/rs-slide>\n\t\t\t\t\t<\/rs-slides>\n\t\t\t\t<\/rs-module>\n\t\t\t\t<script type=\"text\/javascript\">\n\t\t\t\t\tsetREVStartSize({c: 'rev_slider_1_1',rl:[1240,1024,778,480],el:[880],gw:[1920],gh:[880],type:'standard',justify:'',layout:'fullwidth',mh:\"0\"});\n\t\t\t\t<\/script>\n\t\t\t<\/rs-module-wrap>\n\t\t\t<!-- END REVOLUTION SLIDER -->\n[\/vc_column][\/vc_row][vc_row][vc_column][vc_empty_space][vc_separator][vc_empty_space][\/vc_column][\/vc_row][vc_row][vc_column width=&#8221;1\/4&#8243;][\/vc_column][vc_column css_animation=&#8221;slideInRight&#8221; width=&#8221;1\/4&#8243;][vc_column_text css_animation=&#8221;top-to-bottom&#8221;]<\/p>\n<h3 style=\"text-align: center;\">Bienvenido a<br \/>\nSal\u00f3n Milenium<\/h3>\n<p style=\"text-align: center;\">El lugar donde podr\u00e1s disfrutar todos tus eventos sin preocuparte de ning\u00fan detalle.<\/p>\n<p style=\"text-align: center;\">Nosotros nos encargaremos de que t\u00fa y tus invitados tengan los mejores recuerdos de tu evento.<\/p>\n<p>[\/vc_column_text][vc_btn title=&#8221;Vis\u00edtanos&#8221; color=&#8221;pink&#8221; align=&#8221;center&#8221; css_animation=&#8221;slideInUp&#8221; link=&#8221;url:https%3A%2F%2Fsalonmilenium.com%2Fbienvenido%2Fcontacto%2F|title:Contacto&#8221;][\/vc_column][vc_column width=&#8221;1\/4&#8243;][vc_empty_space][vc_single_image image=&#8221;374&#8243; alignment=&#8221;center&#8221; css_animation=&#8221;slideInLeft&#8221;][\/vc_column][vc_column width=&#8221;1\/4&#8243;][\/vc_column][\/vc_row][vc_row][vc_column][vc_row_inner][vc_column_inner][vc_empty_space height=&#8221;60px&#8221;][vc_separator][vc_empty_space height=&#8221;60px&#8221;][\/vc_column_inner][\/vc_row_inner][vc_row_inner css=&#8221;.vc_custom_1657309003827{background-image: url(https:\/\/salonmilenium.com\/bienvenido\/wp-content\/uploads\/2022\/07\/bg_breadcrumb_04.jpg?id=220) !important;background-position: center !important;background-repeat: no-repeat !important;background-size: cover !important;border-radius: 10px !important;}&#8221;][vc_column_inner width=&#8221;1\/4&#8243;][\/vc_column_inner][vc_column_inner width=&#8221;1\/2&#8243;][vc_column_text]<\/p>\n<h3 style=\"text-align: center;\">Creamos los mejores recuerdos<\/h3>\n<h5 style=\"text-align: center;\">Tenemos todo lo necesario para tus eventos<\/h5>\n<p style=\"text-align: center;\">Te ofrecemos todo lo que buscas para que tu evento sea como lo imaginaste, incluso con m\u00e1s y mejores servicios.<\/p>\n<p>[\/vc_column_text][vc_separator][vc_empty_space][vc_btn title=&#8221;Desc\u00fabrelo&#8221; color=&#8221;pink&#8221; align=&#8221;center&#8221; css_animation=&#8221;bottom-to-top&#8221; link=&#8221;url:https%3A%2F%2Fsalonmilenium.com%2Fbienvenido%2Fservicios%2F|title:Desc%C3%BAbrelo&#8221; css=&#8221;.vc_custom_1655749385749{background-color: rgba(0,0,0,0.01) !important;*background-color: rgb(0,0,0) !important;}&#8221;][\/vc_column_inner][vc_column_inner width=&#8221;1\/4&#8243;][\/vc_column_inner][\/vc_row_inner][vc_row_inner][vc_column_inner][vc_empty_space height=&#8221;60px&#8221;][\/vc_column_inner][\/vc_row_inner][\/vc_column][\/vc_row][vc_row][vc_column][vc_separator][vc_empty_space height=&#8221;60px&#8221;][\/vc_column][\/vc_row][vc_row][vc_column][vc_row_inner content_placement=&#8221;middle&#8221; css=&#8221;.vc_custom_1657569092075{padding-right: 0px !important;padding-left: 0px !important;background-image: url(https:\/\/salonmilenium.com\/bienvenido\/wp-content\/uploads\/2022\/07\/CALL_TO_ACTIO_03.jpg?id=387) !important;background-position: center !important;background-repeat: no-repeat !important;background-size: cover !important;border-radius: 10px !important;}&#8221;][vc_column_inner width=&#8221;1\/6&#8243;][\/vc_column_inner][vc_column_inner width=&#8221;2\/3&#8243;][vc_empty_space][vc_column_text]<\/p>\n<h2 style=\"text-align: center;\">Descubre por qu\u00e9 somos tu mejor opci\u00f3n<\/h2>\n<p style=\"text-align: center;\">Durante tu evento solo te dedicar\u00e1s a disfrutar y crear hermosos recuerdos a lado de tus seres queridos<\/p>\n<p>[\/vc_column_text][vc_empty_space][vc_btn title=&#8221;Ll\u00e1manos&#8221; color=&#8221;pink&#8221; align=&#8221;center&#8221; css_animation=&#8221;slideInUp&#8221; link=&#8221;url:tel%3A2221057118|title:Ll%C3%A1manos|target:_blank&#8221;][vc_empty_space][\/vc_column_inner][vc_column_inner width=&#8221;1\/6&#8243;][\/vc_column_inner][\/vc_row_inner][vc_empty_space height=&#8221;90px&#8221;][\/vc_column][\/vc_row][vc_row][vc_column][vc_separator][vc_empty_space height=&#8221;60px&#8221;][\/vc_column][\/vc_row][vc_row][vc_column width=&#8221;1\/3&#8243;][vc_row_inner][vc_column_inner][vc_column_text css_animation=&#8221;left-to-right&#8221;]<\/p>\n<div class=\"fbox-body\">\n<h4 style=\"text-align: center;\">&#8211; Men\u00fa especial &#8211;<\/h4>\n<\/div>\n<p class=\"description\" style=\"text-align: center;\">Te ofrecemos un chef que preparar\u00e1 los platillos para tu evento<\/p>\n<p>[\/vc_column_text][\/vc_column_inner][\/vc_row_inner][\/vc_column][vc_column width=&#8221;1\/3&#8243;][vc_row_inner][vc_column_inner][vc_column_text css_animation=&#8221;top-to-bottom&#8221;]<\/p>\n<div class=\"fbox-body\">\n<h4 style=\"text-align: center;\">&#8211; Cualquier evento &#8211;<\/h4>\n<\/div>\n<p class=\"description\" style=\"text-align: center;\">Tenemos el espacio perfecto para cualquier tipo de evento que necesites<\/p>\n<p>[\/vc_column_text][\/vc_column_inner][\/vc_row_inner][\/vc_column][vc_column width=&#8221;1\/3&#8243;][vc_column_text css_animation=&#8221;right-to-left&#8221;]<\/p>\n<div class=\"fbox-body\">\n<h4 style=\"text-align: center;\">&#8211; Gran espacio &#8211;<\/h4>\n<\/div>\n<p class=\"description\" style=\"text-align: center;\">Todos tus invitados estar\u00e1n c\u00f3modos durante todo tu evento<\/p>\n<p>[\/vc_column_text][\/vc_column][\/vc_row][vc_row][vc_column][vc_empty_space height=&#8221;60px&#8221;][\/vc_column][\/vc_row][vc_row][vc_column width=&#8221;1\/3&#8243;][vc_row_inner][vc_column_inner][vc_column_text css_animation=&#8221;left-to-right&#8221;]<\/p>\n<div class=\"fbox-body\">\n<h4 style=\"text-align: center;\">&#8211; Fotograf\u00eda y video &#8211;<\/h4>\n<\/div>\n<p class=\"description\" style=\"text-align: center;\">Contamos con un gran equipo que atesorar\u00e1 los mejores momentos durante todo tu evento<\/p>\n<p>[\/vc_column_text][\/vc_column_inner][\/vc_row_inner][\/vc_column][vc_column width=&#8221;1\/3&#8243;][vc_row_inner][vc_column_inner][vc_column_text css_animation=&#8221;bottom-to-top&#8221;]<\/p>\n<div class=\"fbox-body\">\n<h4 style=\"text-align: center;\">&#8211; Estacionamiento propio &#8211;<\/h4>\n<\/div>\n<p class=\"description\" style=\"text-align: center;\">Tanto tus invitados como sus veh\u00edculos estar\u00e1n a salvo dentro de nuestras instalaciones<\/p>\n<p>[\/vc_column_text][\/vc_column_inner][\/vc_row_inner][\/vc_column][vc_column width=&#8221;1\/3&#8243;][vc_column_text css_animation=&#8221;right-to-left&#8221;]<\/p>\n<div class=\"fbox-body\">\n<h4 style=\"text-align: center;\">&#8211; Diversi\u00f3n y comodidad &#8211;<\/h4>\n<\/div>\n<p class=\"description\" style=\"text-align: center;\">Los ni\u00f1os peque\u00f1os tambi\u00e9n se divertir\u00e1n durante tu evento aunque no sean los festejados<\/p>\n<p>[\/vc_column_text][\/vc_column][\/vc_row][vc_row][vc_column][vc_empty_space height=&#8221;60px&#8221;][vc_separator][\/vc_column][\/vc_row][vc_row][vc_column][vc_empty_space][vc_row_inner content_placement=&#8221;middle&#8221; css=&#8221;.vc_custom_1657569219768{background-image: url(https:\/\/salonmilenium.com\/bienvenido\/wp-content\/uploads\/2022\/07\/CALL_TO_ACTIO_04.jpg?id=388) !important;background-position: center !important;background-repeat: no-repeat !important;background-size: cover !important;border-radius: 10px !important;}&#8221;][vc_column_inner width=&#8221;1\/6&#8243;][\/vc_column_inner][vc_column_inner width=&#8221;2\/3&#8243;][vc_empty_space][vc_column_text]<\/p>\n<h3 style=\"text-align: center;\">Solo te hace falta visitarnos para que te enamores<\/h3>\n<p style=\"text-align: center;\">Te podemos enviar nuestra ubicaci\u00f3n para que te sea m\u00e1s f\u00e1cil conocernos.<\/p>\n<p>[\/vc_column_text][vc_empty_space][vc_btn title=&#8221;Ll\u00e1manos&#8221; color=&#8221;pink&#8221; align=&#8221;center&#8221; css_animation=&#8221;slideInUp&#8221; link=&#8221;url:tel%3A2221057118|title:Ll%C3%A1manos|target:_blank&#8221;][vc_empty_space][\/vc_column_inner][vc_column_inner width=&#8221;1\/6&#8243;][\/vc_column_inner][\/vc_row_inner][\/vc_column][\/vc_row]<\/p>\n","protected":false},"excerpt":{"rendered":"<p>[vc_row content_placement=&#8221;middle&#8221;][vc_column css=&#8221;.vc_custom_1720634004030{margin-top: 0px !important;border-top-width: 0px !important;padding-top: 0px !important;}&#8221;][\/vc_column][\/vc_row][vc_row][vc_column][vc_empty_space][vc_separator][vc_empty_space][\/vc_column][\/vc_row][vc_row][vc_column width=&#8221;1\/4&#8243;][\/vc_column][vc_column css_animation=&#8221;slideInRight&#8221; width=&#8221;1\/4&#8243;][vc_column_text css_animation=&#8221;top-to-bottom&#8221;] Bienvenido a Sal\u00f3n Milenium El lugar donde podr\u00e1s disfrutar todos tus eventos sin preocuparte de ning\u00fan detalle. &hellip; <a href=\"https:\/\/salonmilenium.com\/bienvenido\/\" class=\"more-link\">Continue reading <span class=\"screen-reader-text\">Home<\/span><span class=\"meta-nav\">&rarr;<\/span><\/a><\/p>\n","protected":false},"author":1,"featured_media":0,"parent":0,"menu_order":0,"comment_status":"closed","ping_status":"closed","template":"page-templates\/homepage.php","meta":{"footnotes":""},"class_list":["post-16","page","type-page","status-publish","hentry"],"_links":{"self":[{"href":"https:\/\/salonmilenium.com\/bienvenido\/wp-json\/wp\/v2\/pages\/16","targetHints":{"allow":["GET"]}}],"collection":[{"href":"https:\/\/salonmilenium.com\/bienvenido\/wp-json\/wp\/v2\/pages"}],"about":[{"href":"https:\/\/salonmilenium.com\/bienvenido\/wp-json\/wp\/v2\/types\/page"}],"author":[{"embeddable":true,"href":"https:\/\/salonmilenium.com\/bienvenido\/wp-json\/wp\/v2\/users\/1"}],"replies":[{"embeddable":true,"href":"https:\/\/salonmilenium.com\/bienvenido\/wp-json\/wp\/v2\/comments?post=16"}],"version-history":[{"count":97,"href":"https:\/\/salonmilenium.com\/bienvenido\/wp-json\/wp\/v2\/pages\/16\/revisions"}],"predecessor-version":[{"id":428,"href":"https:\/\/salonmilenium.com\/bienvenido\/wp-json\/wp\/v2\/pages\/16\/revisions\/428"}],"wp:attachment":[{"href":"https:\/\/salonmilenium.com\/bienvenido\/wp-json\/wp\/v2\/media?parent=16"}],"curies":[{"name":"wp","href":"https:\/\/api.w.org\/{rel}","templated":true}]}}