{"id":174,"date":"2022-06-21T18:51:38","date_gmt":"2022-06-21T18:51:38","guid":{"rendered":"https:\/\/salonmilenium.com\/bienvenido\/?page_id=174"},"modified":"2024-07-10T19:04:54","modified_gmt":"2024-07-11T01:04:54","slug":"nosotros","status":"publish","type":"page","link":"https:\/\/salonmilenium.com\/bienvenido\/nosotros\/","title":{"rendered":"Nosotros"},"content":{"rendered":"<p>[vc_row][vc_column width=&#8221;1\/4&#8243;][\/vc_column][vc_column width=&#8221;1\/4&#8243;][vc_column_text css_animation=&#8221;slideInLeft&#8221;]<\/p>\n<h3 style=\"text-align: center;\">\u00a1Bienvenido!<\/h3>\n<p>Al que seguramente ser\u00e1 el mejor evento de tu vida.<\/p>\n<p>Te ofrecemos toda nuestra experiencia y servicios, para que t\u00fa y tus invitados vivan y disfruten esa fecha tan especial que tanto han estado esperando en compa\u00f1\u00eda de tus seres queridos.<\/p>\n<p>Al contar con todo lo que necesitas y ofrecerte todo lo que quieres, no tendr\u00e1s de nada por qu\u00e9 preocuparte durante todo tu evento.[\/vc_column_text][\/vc_column][vc_column width=&#8221;1\/4&#8243;][vc_empty_space][vc_single_image image=&#8221;378&#8243; alignment=&#8221;center&#8221; css_animation=&#8221;slideInRight&#8221;][\/vc_column][vc_column width=&#8221;1\/4&#8243;][\/vc_column][\/vc_row][vc_row][vc_column][vc_empty_space][vc_btn title=&#8221;Ll\u00e1manos&#8221; color=&#8221;pink&#8221; align=&#8221;center&#8221; css_animation=&#8221;slideInUp&#8221; link=&#8221;url:tel%3A2221057118|target:_blank&#8221;][\/vc_column][\/vc_row][vc_row content_placement=&#8221;middle&#8221;][vc_column][vc_empty_space height=&#8221;60px&#8221;][\/vc_column][\/vc_row][vc_row content_placement=&#8221;middle&#8221;][vc_column][vc_single_image image=&#8221;396&#8243; img_size=&#8221;full&#8221; alignment=&#8221;center&#8221; css_animation=&#8221;fadeIn&#8221;][\/vc_column][\/vc_row][vc_row][vc_column][vc_empty_space][\/vc_column][\/vc_row][vc_row][vc_column width=&#8221;1\/4&#8243;][\/vc_column][vc_column width=&#8221;1\/4&#8243;][vc_empty_space][vc_single_image image=&#8221;379&#8243; alignment=&#8221;center&#8221; css_animation=&#8221;slideInRight&#8221;][\/vc_column][vc_column width=&#8221;1\/4&#8243;][vc_column_text css_animation=&#8221;slideInLeft&#8221;]<\/p>\n<h3>Celebramos todo tipo de eventos<\/h3>\n<p>Para celebrar tu boda, XV a\u00f1os, tus dulces XVI, bautizos, presentaciones, primera comuni\u00f3n, eventos corporativos, despedida de soltera(o), \u201c<em>sex reveal\u201d<\/em>\u00a0(revelaci\u00f3n de sexo de tu beb\u00e9), cena de fin de a\u00f1o o m\u00e1s, nosotros tenemos todo lo necesario para tu evento.<\/p>\n<p>\u00a1Vis\u00edtanos y enam\u00f3rate![\/vc_column_text][\/vc_column][vc_column width=&#8221;1\/4&#8243;][\/vc_column][\/vc_row][vc_row][vc_column][vc_empty_space][vc_btn title=&#8221;Ll\u00e1manos&#8221; color=&#8221;pink&#8221; align=&#8221;center&#8221; css_animation=&#8221;slideInUp&#8221; link=&#8221;url:tel%3A2221057118|title:Ll%C3%A1manos|target:_blank&#8221;][\/vc_column][\/vc_row]<\/p>\n","protected":false},"excerpt":{"rendered":"<p>[vc_row][vc_column width=&#8221;1\/4&#8243;][\/vc_column][vc_column width=&#8221;1\/4&#8243;][vc_column_text css_animation=&#8221;slideInLeft&#8221;] \u00a1Bienvenido! Al que seguramente ser\u00e1 el mejor evento de tu vida. Te ofrecemos toda nuestra experiencia y servicios, para que t\u00fa y tus invitados vivan y &hellip; <a href=\"https:\/\/salonmilenium.com\/bienvenido\/nosotros\/\" class=\"more-link\">Continue reading <span class=\"screen-reader-text\">Nosotros<\/span><span class=\"meta-nav\">&rarr;<\/span><\/a><\/p>\n","protected":false},"author":1,"featured_media":0,"parent":0,"menu_order":0,"comment_status":"closed","ping_status":"closed","template":"","meta":{"footnotes":""},"class_list":["post-174","page","type-page","status-publish","hentry"],"_links":{"self":[{"href":"https:\/\/salonmilenium.com\/bienvenido\/wp-json\/wp\/v2\/pages\/174","targetHints":{"allow":["GET"]}}],"collection":[{"href":"https:\/\/salonmilenium.com\/bienvenido\/wp-json\/wp\/v2\/pages"}],"about":[{"href":"https:\/\/salonmilenium.com\/bienvenido\/wp-json\/wp\/v2\/types\/page"}],"author":[{"embeddable":true,"href":"https:\/\/salonmilenium.com\/bienvenido\/wp-json\/wp\/v2\/users\/1"}],"replies":[{"embeddable":true,"href":"https:\/\/salonmilenium.com\/bienvenido\/wp-json\/wp\/v2\/comments?post=174"}],"version-history":[{"count":12,"href":"https:\/\/salonmilenium.com\/bienvenido\/wp-json\/wp\/v2\/pages\/174\/revisions"}],"predecessor-version":[{"id":430,"href":"https:\/\/salonmilenium.com\/bienvenido\/wp-json\/wp\/v2\/pages\/174\/revisions\/430"}],"wp:attachment":[{"href":"https:\/\/salonmilenium.com\/bienvenido\/wp-json\/wp\/v2\/media?parent=174"}],"curies":[{"name":"wp","href":"https:\/\/api.w.org\/{rel}","templated":true}]}}