{"id":435,"date":"2025-03-17T12:34:09","date_gmt":"2025-03-17T18:34:09","guid":{"rendered":"https:\/\/salonmilenium.com\/bienvenido\/?page_id=435"},"modified":"2025-03-17T13:06:12","modified_gmt":"2025-03-17T19:06:12","slug":"anuncios","status":"publish","type":"page","link":"https:\/\/salonmilenium.com\/bienvenido\/anuncios\/","title":{"rendered":"Anuncios"},"content":{"rendered":"<p>[vc_row][vc_column][vc_empty_space][vc_separator][vc_empty_space][\/vc_column][\/vc_row][vc_row][vc_column width=&#8221;1\/4&#8243;][\/vc_column][vc_column css_animation=&#8221;fadeInRight&#8221; width=&#8221;1\/4&#8243;][vc_empty_space][vc_single_image image=&#8221;340&#8243;][\/vc_column][vc_column css_animation=&#8221;fadeInLeft&#8221; width=&#8221;1\/4&#8243;][vc_column_text]<\/p>\n<h3 style=\"text-align: center;\">Bienvenido a<br \/>\nSal\u00f3n Milenium<\/h3>\n<p style=\"text-align: center;\">Les recordamos que en Sal\u00f3n Milenium<br \/>\n<strong><span style=\"text-decoration: underline;\">no estamos solicitando personal<br \/>\n<\/span><\/strong>por ning\u00fan medio, para mayor informaci\u00f3n te sugerimos visitar nuestras instalaciones.<\/p>\n<p>[\/vc_column_text][vc_btn title=&#8221;ENTRAR&#8221; color=&#8221;pink&#8221; size=&#8221;lg&#8221; align=&#8221;center&#8221; i_icon_fontawesome=&#8221;fas fa-sign-in-alt&#8221; css_animation=&#8221;fadeIn&#8221; button_block=&#8221;true&#8221; add_icon=&#8221;true&#8221; link=&#8221;url:https%3A%2F%2Fsalonmilenium.com%2Fbienvenido%2F|title:Home&#8221;][\/vc_column][vc_column width=&#8221;1\/4&#8243;][\/vc_column][\/vc_row]<\/p>\n","protected":false},"excerpt":{"rendered":"<p>[vc_row][vc_column][vc_empty_space][vc_separator][vc_empty_space][\/vc_column][\/vc_row][vc_row][vc_column width=&#8221;1\/4&#8243;][\/vc_column][vc_column css_animation=&#8221;fadeInRight&#8221; width=&#8221;1\/4&#8243;][vc_empty_space][vc_single_image image=&#8221;340&#8243;][\/vc_column][vc_column css_animation=&#8221;fadeInLeft&#8221; width=&#8221;1\/4&#8243;][vc_column_text] Bienvenido a Sal\u00f3n Milenium Les recordamos que en Sal\u00f3n Milenium no estamos solicitando personal por ning\u00fan medio, para mayor informaci\u00f3n te sugerimos visitar &hellip; <a href=\"https:\/\/salonmilenium.com\/bienvenido\/anuncios\/\" class=\"more-link\">Continue reading <span class=\"screen-reader-text\">Anuncios<\/span><span class=\"meta-nav\">&rarr;<\/span><\/a><\/p>\n","protected":false},"author":1,"featured_media":0,"parent":0,"menu_order":0,"comment_status":"closed","ping_status":"closed","template":"","meta":{"footnotes":""},"class_list":["post-435","page","type-page","status-publish","hentry"],"_links":{"self":[{"href":"https:\/\/salonmilenium.com\/bienvenido\/wp-json\/wp\/v2\/pages\/435","targetHints":{"allow":["GET"]}}],"collection":[{"href":"https:\/\/salonmilenium.com\/bienvenido\/wp-json\/wp\/v2\/pages"}],"about":[{"href":"https:\/\/salonmilenium.com\/bienvenido\/wp-json\/wp\/v2\/types\/page"}],"author":[{"embeddable":true,"href":"https:\/\/salonmilenium.com\/bienvenido\/wp-json\/wp\/v2\/users\/1"}],"replies":[{"embeddable":true,"href":"https:\/\/salonmilenium.com\/bienvenido\/wp-json\/wp\/v2\/comments?post=435"}],"version-history":[{"count":12,"href":"https:\/\/salonmilenium.com\/bienvenido\/wp-json\/wp\/v2\/pages\/435\/revisions"}],"predecessor-version":[{"id":448,"href":"https:\/\/salonmilenium.com\/bienvenido\/wp-json\/wp\/v2\/pages\/435\/revisions\/448"}],"wp:attachment":[{"href":"https:\/\/salonmilenium.com\/bienvenido\/wp-json\/wp\/v2\/media?parent=435"}],"curies":[{"name":"wp","href":"https:\/\/api.w.org\/{rel}","templated":true}]}}