{"id":47,"date":"2022-06-19T17:09:39","date_gmt":"2022-06-19T17:09:39","guid":{"rendered":"https:\/\/salonmilenium.com\/bienvenido\/?page_id=47"},"modified":"2024-07-10T19:07:39","modified_gmt":"2024-07-11T01:07:39","slug":"servicios","status":"publish","type":"page","link":"https:\/\/salonmilenium.com\/bienvenido\/servicios\/","title":{"rendered":"Servicios"},"content":{"rendered":"<p>[vc_row][vc_column][vc_empty_space][\/vc_column][\/vc_row][vc_row][vc_column width=&#8221;1\/6&#8243;][\/vc_column][vc_column width=&#8221;2\/3&#8243;][vc_tta_tabs alignment=&#8221;center&#8221; active_section=&#8221;1&#8243; css_animation=&#8221;bottom-to-top&#8221; no_fill_content_area=&#8221;true&#8221;][vc_tta_section title=&#8221;Alimentos&#8221; tab_id=&#8221;1655743144275-3913c40e-d8f7&#8243;][vc_empty_space][vc_row_inner][vc_column_inner width=&#8221;1\/6&#8243;][\/vc_column_inner][vc_column_inner width=&#8221;2\/3&#8243;][vc_column_text css_animation=&#8221;slideInRight&#8221;]Sabemos que los alimentos son una de las partes m\u00e1s importantes dentro de cada evento y tus invitados se merecen lo mejor para que disfruten de este momento tan esperado; es por eso que en <strong><em>Sal\u00f3n Milenium<\/em><\/strong> te ofrecemos:<\/p>\n<ul>\n<li style=\"text-align: left;\"><strong>Banquete<\/strong><\/li>\n<li style=\"text-align: left;\"><strong>Botanas (<em>frituras o fruta de temporada o salchichas a la diabla<\/em>)<\/strong><\/li>\n<li style=\"text-align: left;\"><strong>Hielo (<em>Ilimitado)<\/em><\/strong><\/li>\n<li style=\"text-align: left;\"><strong>Pan y refresco <em>(Ilimitado)<\/em><\/strong><\/li>\n<\/ul>\n<p>Recuerda que si tienes alguna duda nos puedes visitar o llamarnos para mayor comodidad.[\/vc_column_text][vc_btn title=&#8221;Ll\u00e1manos&#8221; color=&#8221;pink&#8221; align=&#8221;center&#8221; i_icon_fontawesome=&#8221;fas fa-mobile-alt&#8221; css_animation=&#8221;slideInUp&#8221; add_icon=&#8221;true&#8221; link=&#8221;url:tel%3A2221057118|title:Ll%C3%A1manos|target:_blank&#8221;][\/vc_column_inner][vc_column_inner width=&#8221;1\/6&#8243;][\/vc_column_inner][\/vc_row_inner][\/vc_tta_section][vc_tta_section title=&#8221;Espacio&#8221; tab_id=&#8221;1655743144338-672df08f-90ed&#8221;][vc_empty_space][vc_row_inner][vc_column_inner width=&#8221;1\/6&#8243;][\/vc_column_inner][vc_column_inner width=&#8221;2\/3&#8243;][vc_column_text css_animation=&#8221;slideInLeft&#8221;]Tanto tu comodidad como la de tus invitados estar\u00e1 asegurada durante todo tu evento pues contamos con todo lo necesario para que t\u00fa y tus seres queridos disfruten de este momento tan especial, es por eso en<strong><em> Sal\u00f3n Milenium<\/em><\/strong> te ofrecemos:<\/p>\n<ul>\n<li><strong>Mesas con funda y cubre mantel (<em>color a elecci\u00f3n del client<\/em>e)<\/strong><\/li>\n<li><strong>Sillas con funda y banda<\/strong><\/li>\n<li><strong>Centros de mesa (<em>propiedad de Sal\u00f3n Milenium<\/em>)<\/strong><\/li>\n<\/ul>\n<p>Recuerda que si tienes alguna duda nos puedes visitar o llamarnos para mayor comodidad.[\/vc_column_text][vc_btn title=&#8221;Ll\u00e1manos&#8221; color=&#8221;pink&#8221; align=&#8221;center&#8221; i_icon_fontawesome=&#8221;fas fa-mobile-alt&#8221; css_animation=&#8221;slideInUp&#8221; add_icon=&#8221;true&#8221; link=&#8221;url:tel%3A2221057118|title:Ll%C3%A1manos|target:_blank&#8221;][\/vc_column_inner][vc_column_inner width=&#8221;1\/6&#8243;][\/vc_column_inner][\/vc_row_inner][\/vc_tta_section][vc_tta_section title=&#8221;Ambiente&#8221; tab_id=&#8221;1655743460563-b7645c82-05ef&#8221;][vc_empty_space][vc_row_inner][vc_column_inner width=&#8221;1\/6&#8243;][\/vc_column_inner][vc_column_inner width=&#8221;2\/3&#8243;][vc_column_text css_animation=&#8221;slideInRight&#8221;]Alegr\u00eda, diversi\u00f3n y muchas sonrisas; tu evento estar\u00e1 lleno de emoci\u00f3n hasta el ultimo rinc\u00f3n ya que en<em><strong> Sal\u00f3n Milenium<\/strong><\/em> te ofrecemos:<\/p>\n<ul>\n<li><strong>D.J.<\/strong><\/li>\n<li><strong>Luz y sonido<\/strong><\/li>\n<li><strong>3 pantallas gingantes<\/strong><\/li>\n<li><strong>Souvenir mesas (<i>Propiedad de Sal\u00f3n Milenium<\/i>)<\/strong><\/li>\n<\/ul>\n<p>Recuerda que si tienes alguna duda nos puedes visitar o llamarnos para mayor comodidad.[\/vc_column_text][vc_btn title=&#8221;Ll\u00e1manos&#8221; color=&#8221;pink&#8221; align=&#8221;center&#8221; i_icon_fontawesome=&#8221;fas fa-mobile-alt&#8221; css_animation=&#8221;slideInUp&#8221; add_icon=&#8221;true&#8221; link=&#8221;url:tel%3A2221057118|title:Ll%C3%A1manos|target:_blank&#8221;][\/vc_column_inner][vc_column_inner width=&#8221;1\/6&#8243;][\/vc_column_inner][\/vc_row_inner][\/vc_tta_section][vc_tta_section title=&#8221;Personal&#8221; tab_id=&#8221;1655743472932-501e2502-d853&#8243;][vc_empty_space][vc_row_inner][vc_column_inner width=&#8221;1\/6&#8243;][\/vc_column_inner][vc_column_inner width=&#8221;2\/3&#8243;][vc_column_text css_animation=&#8221;slideInLeft&#8221;]Servicio, comodidad y profesionalismo son las cualidades que nos destacan, nuestro objetivo es que t\u00fa y tus invitados se encarguen de disfrutar tu evento. por esto es que en <em><strong>Sal\u00f3n Milenium<\/strong><\/em> te ofrecemos:<\/p>\n<ul>\n<li><strong>Meseros<\/strong><\/li>\n<li><strong>Edecan y hoster<\/strong><\/li>\n<li><strong>Vigilancia<\/strong><\/li>\n<\/ul>\n<p>Recuerda que si tienes alguna duda nos puedes visitar o llamarnos para mayor comodidad.[\/vc_column_text][vc_btn title=&#8221;Ll\u00e1manos&#8221; color=&#8221;pink&#8221; align=&#8221;center&#8221; i_icon_fontawesome=&#8221;fas fa-mobile-alt&#8221; css_animation=&#8221;slideInUp&#8221; add_icon=&#8221;true&#8221; link=&#8221;url:tel%3A2221057118|title:Ll%C3%A1manos|target:_blank&#8221;][\/vc_column_inner][vc_column_inner width=&#8221;1\/6&#8243;][\/vc_column_inner][\/vc_row_inner][\/vc_tta_section][vc_tta_section title=&#8221;Instalaciones&#8221; tab_id=&#8221;1655743691587-98f44715-f1a6&#8243;][vc_empty_space][vc_row_inner][vc_column_inner width=&#8221;1\/6&#8243;][\/vc_column_inner][vc_column_inner width=&#8221;2\/3&#8243;][vc_column_text css_animation=&#8221;slideInRight&#8221;]Desde el primer momento en que nos visites tu comodidad ser\u00e1 lo primero que notar\u00e1s y en tu evento tus invitados tambi\u00e9n lo vivir\u00e1n ya que en <em><strong>Sal\u00f3n Milenium<\/strong><\/em> te ofrecemos:<\/p>\n<ul>\n<li><strong>Estacionamiento privado<\/strong><\/li>\n<li><strong>\u00c1reas de juegos<\/strong><\/li>\n<li><strong>Ba\u00f1os en todas las \u00e1reas<\/strong><\/li>\n<li><strong>Recepci\u00f3n<\/strong><\/li>\n<li><strong>Pista de baile<\/strong><\/li>\n<\/ul>\n<p>Recuerda que si tienes alguna duda nos puedes visitar o llamarnos para mayor comodidad.[\/vc_column_text][vc_btn title=&#8221;Ll\u00e1manos&#8221; color=&#8221;pink&#8221; align=&#8221;center&#8221; i_icon_fontawesome=&#8221;fas fa-mobile-alt&#8221; css_animation=&#8221;slideInRight&#8221; add_icon=&#8221;true&#8221; link=&#8221;url:tel%3A2221057118|title:Ll%C3%A1manos|target:_blank&#8221;][\/vc_column_inner][vc_column_inner width=&#8221;1\/6&#8243;][\/vc_column_inner][\/vc_row_inner][\/vc_tta_section][vc_tta_section title=&#8221;Duraci\u00f3n&#8221; tab_id=&#8221;1655743792940-0cf915fe-5e9e&#8221;][vc_empty_space][vc_row_inner][vc_column_inner width=&#8221;1\/6&#8243;][\/vc_column_inner][vc_column_inner width=&#8221;2\/3&#8243;][vc_column_text css_animation=&#8221;slideInLeft&#8221;]En\u00a0<em><strong>Sal\u00f3n Milenium <\/strong><\/em>\u00a0te ofrecemos la mejor opci\u00f3n para crear los mejores recuerdos y por eso te ofrecemos:<\/p>\n<ul>\n<li><strong>Entrada de invitados 1 hora<\/strong><\/li>\n<li><strong>Duraci\u00f3n de tu evento 5 horas<\/strong><\/li>\n<li><strong>Despedida de invitados 1 hora<\/strong><\/li>\n<li><strong>Promoci\u00f3n del mes 1\/2 hora gratis<\/strong><\/li>\n<li><strong>Alimento para invitados 5 platillos<\/strong><\/li>\n<li><strong>Para descansar 50 tazas de caf\u00e9<\/strong><\/li>\n<\/ul>\n<p>Recuerda que si tienes alguna duda nos puedes visitar o llamarnos para mayor comodidad.[\/vc_column_text][vc_btn title=&#8221;Ll\u00e1manos&#8221; color=&#8221;pink&#8221; align=&#8221;center&#8221; i_icon_fontawesome=&#8221;fas fa-mobile-alt&#8221; css_animation=&#8221;slideInUp&#8221; add_icon=&#8221;true&#8221; link=&#8221;url:tel%3A2221057118|title:Ll%C3%A1manos|target:_blank&#8221;][\/vc_column_inner][vc_column_inner width=&#8221;1\/6&#8243;][\/vc_column_inner][\/vc_row_inner][\/vc_tta_section][vc_tta_section title=&#8221;Invitados&#8221; tab_id=&#8221;1655743978340-8c2bf304-13b6&#8243;][vc_empty_space][vc_row_inner][vc_column_inner width=&#8221;1\/6&#8243;][\/vc_column_inner][vc_column_inner width=&#8221;2\/3&#8243;][vc_column_text css_animation=&#8221;slideInRight&#8221;]Los mejores eventos vienen acompa\u00f1ados de los mejores invitados y en\u00a0<em><strong>Sal\u00f3n Milenium\u00a0<\/strong><\/em>lo sabemos, por eso te ofrecemos las mejores opciones para que todos tus seres queridos asistan al mejor de tus eventos:<\/p>\n<ul>\n<li><strong>de 100 a 149 invitados $350 (por persona)<\/strong><\/li>\n<li><strong>de 150 a 199 invitados $330 (por persona)<\/strong><\/li>\n<li><strong>de 200 a 249 invitados $300 (por persona)<\/strong><\/li>\n<li><strong>de 250 a 300 invitados $280 (por persona)<\/strong><\/li>\n<li><strong>menores de edad $160<\/strong><\/li>\n<\/ul>\n<p>Recuerda que si tienes alguna duda nos puedes visitar o llamarnos para mayor comodidad.[\/vc_column_text][vc_btn title=&#8221;Ll\u00e1manos&#8221; color=&#8221;pink&#8221; align=&#8221;center&#8221; i_icon_fontawesome=&#8221;fas fa-mobile-alt&#8221; css_animation=&#8221;slideInUp&#8221; add_icon=&#8221;true&#8221; link=&#8221;url:tel%3A2221057118|title:Ll%C3%A1manos|target:_blank&#8221;][\/vc_column_inner][vc_column_inner width=&#8221;1\/6&#8243;][\/vc_column_inner][\/vc_row_inner][\/vc_tta_section][\/vc_tta_tabs][\/vc_column][vc_column width=&#8221;1\/6&#8243;][\/vc_column][\/vc_row][vc_row][vc_column][vc_empty_space][vc_single_image image=&#8221;399&#8243; img_size=&#8221;full&#8221; alignment=&#8221;center&#8221; css_animation=&#8221;fadeIn&#8221; css=&#8221;.vc_custom_1657570142315{padding-right: 0px !important;padding-left: 0px !important;}&#8221;][\/vc_column][\/vc_row]<\/p>\n","protected":false},"excerpt":{"rendered":"<p>[vc_row][vc_column][vc_empty_space][\/vc_column][\/vc_row][vc_row][vc_column width=&#8221;1\/6&#8243;][\/vc_column][vc_column width=&#8221;2\/3&#8243;][vc_tta_tabs alignment=&#8221;center&#8221; active_section=&#8221;1&#8243; css_animation=&#8221;bottom-to-top&#8221; no_fill_content_area=&#8221;true&#8221;][vc_tta_section title=&#8221;Alimentos&#8221; tab_id=&#8221;1655743144275-3913c40e-d8f7&#8243;][vc_empty_space][vc_row_inner][vc_column_inner width=&#8221;1\/6&#8243;][\/vc_column_inner][vc_column_inner width=&#8221;2\/3&#8243;][vc_column_text css_animation=&#8221;slideInRight&#8221;]Sabemos que los alimentos son una de las partes m\u00e1s importantes dentro de cada evento y tus invitados se &hellip; <a href=\"https:\/\/salonmilenium.com\/bienvenido\/servicios\/\" class=\"more-link\">Continue reading <span class=\"screen-reader-text\">Servicios<\/span><span class=\"meta-nav\">&rarr;<\/span><\/a><\/p>\n","protected":false},"author":1,"featured_media":0,"parent":0,"menu_order":0,"comment_status":"closed","ping_status":"closed","template":"","meta":{"footnotes":""},"class_list":["post-47","page","type-page","status-publish","hentry"],"_links":{"self":[{"href":"https:\/\/salonmilenium.com\/bienvenido\/wp-json\/wp\/v2\/pages\/47","targetHints":{"allow":["GET"]}}],"collection":[{"href":"https:\/\/salonmilenium.com\/bienvenido\/wp-json\/wp\/v2\/pages"}],"about":[{"href":"https:\/\/salonmilenium.com\/bienvenido\/wp-json\/wp\/v2\/types\/page"}],"author":[{"embeddable":true,"href":"https:\/\/salonmilenium.com\/bienvenido\/wp-json\/wp\/v2\/users\/1"}],"replies":[{"embeddable":true,"href":"https:\/\/salonmilenium.com\/bienvenido\/wp-json\/wp\/v2\/comments?post=47"}],"version-history":[{"count":15,"href":"https:\/\/salonmilenium.com\/bienvenido\/wp-json\/wp\/v2\/pages\/47\/revisions"}],"predecessor-version":[{"id":431,"href":"https:\/\/salonmilenium.com\/bienvenido\/wp-json\/wp\/v2\/pages\/47\/revisions\/431"}],"wp:attachment":[{"href":"https:\/\/salonmilenium.com\/bienvenido\/wp-json\/wp\/v2\/media?parent=47"}],"curies":[{"name":"wp","href":"https:\/\/api.w.org\/{rel}","templated":true}]}}